{"id":106,"date":"2014-05-11T14:08:28","date_gmt":"2014-05-11T14:08:28","guid":{"rendered":"http:\/\/www.bureauwissel.nl\/?page_id=106"},"modified":"2020-10-01T13:34:05","modified_gmt":"2020-10-01T13:34:05","slug":"aanpak","status":"publish","type":"page","link":"https:\/\/www.bureauwissel.nl\/?page_id=106","title":{"rendered":"Aanpak"},"content":{"rendered":"<table width=\"80%\" align=\"center\">\n<tbody>\n<tr>\n<td align=\"center\" valign=\"top\" height=\"100\">\n<p style=\"text-align: center;\"><span data-tt=\"{&quot;paragraphStyle&quot;:{&quot;alignment&quot;:4,&quot;writingDirection&quot;:1}}\">&#8220;<em>Het woord crisis wordt in het Chinees met twee karakters geschreven.<br \/>\nHet ene staat voor gevaar, het andere voor mogelijkheden&#8221;<br \/>\n<\/em><\/span><em>John Fitzgerald Kennedy<\/em><\/p>\n<\/td>\n<\/tr>\n<tr>\n<td valign=\"top\">\n<p class=\"tekst\" style=\"color: #000066;\"><span class=\"menutekst\" style=\"font-weight: bold; color: #ef821f;\">Aanpak<\/span><br \/>\n<span style=\"color: #000000;\">De cli\u00ebnt en zijn of haar doel staan bij Bureau Wissel centraal. Helder krijgen wat de cli\u00ebnt \u00e9cht wil, is daarom van wezenlijk belang. Onze doelgerichte aanpak kenmerkt zich door:<\/span><\/p>\n<p class=\"tekst\" style=\"color: #000066;\"><span style=\"color: #000000;\">\u2022 Flexibiliteit: er zijn altijd vele wegen die naar het doel leiden. Wij zoeken met u naar die<\/span><br \/>\n<span style=\"color: #000000;\">\u00a0 wegen die bij u en uw situatie passen.<\/span><br \/>\n<span style=\"color: #000000;\">\u2022 Effici\u00ebntie: wij maken geen omwegen als dat niet nodig is. Wij kiezen dus voor de kortst<\/span><br \/>\n<span style=\"color: #000000;\">\u00a0 haalbare weg naar het doel.<\/span><br \/>\n<span style=\"color: #000000;\">\u2022 Integriteit, respect, eerlijke feedback, humor \u00e9n confrontatie (prikkelen en kietelen) zijn<\/span><br \/>\n<span style=\"color: #000000;\">\u00a0 hiernaast belangrijke ingredi\u00ebnten.<\/span><br \/>\n<span style=\"color: #000000;\">\u2022 Onze dienstverlening is altijd afgestemd op de wensen en behoeften van de individuele<\/span><br \/>\n<span style=\"color: #000000;\">\u00a0 klant, \u00f3\u00f3k in groepsgewijze activiteiten.<\/span><br \/>\n<span style=\"color: #000000;\">\u2022 Wij begeleiden de cli\u00ebnt naar een situatie waarin hij of zij zelf het heft weer helemaal in<\/span><br \/>\n<span style=\"color: #000000;\">\u00a0 eigen handen krijgt om vervolgens op eigen kracht, en vanuit die eigen kracht, zijn of<br \/>\n<\/span><span style=\"color: #000000;\">\u00a0 haar doel te verwezenlijken.<\/span><\/p>\n<\/td>\n<\/tr>\n<tr>\n<td valign=\"top\">\n<p class=\"tekst\" style=\"color: #000066;\">\n<\/td>\n<\/tr>\n<\/tbody>\n<\/table>\n","protected":false},"excerpt":{"rendered":"<p>&#8220;Het woord crisis wordt in het Chinees met twee karakters geschreven. Het ene staat voor gevaar, het andere voor mogelijkheden&#8221; John Fitzgerald Kennedy Aanpak De cli\u00ebnt en zijn of haar doel staan bij Bureau Wissel centraal. Helder krijgen wat de cli\u00ebnt \u00e9cht wil, is daarom van wezenlijk belang. Onze doelgerichte aanpak kenmerkt zich door: \u2022 &hellip; <a href=\"https:\/\/www.bureauwissel.nl\/?page_id=106\" class=\"more-link\">Lees verder <span class=\"screen-reader-text\">Aanpak<\/span> <span class=\"meta-nav\">&rarr;<\/span><\/a><\/p>\n","protected":false},"author":2,"featured_media":0,"parent":0,"menu_order":2,"comment_status":"closed","ping_status":"closed","template":"","meta":{"footnotes":""},"class_list":["post-106","page","type-page","status-publish","hentry"],"_links":{"self":[{"href":"https:\/\/www.bureauwissel.nl\/index.php?rest_route=\/wp\/v2\/pages\/106","targetHints":{"allow":["GET"]}}],"collection":[{"href":"https:\/\/www.bureauwissel.nl\/index.php?rest_route=\/wp\/v2\/pages"}],"about":[{"href":"https:\/\/www.bureauwissel.nl\/index.php?rest_route=\/wp\/v2\/types\/page"}],"author":[{"embeddable":true,"href":"https:\/\/www.bureauwissel.nl\/index.php?rest_route=\/wp\/v2\/users\/2"}],"replies":[{"embeddable":true,"href":"https:\/\/www.bureauwissel.nl\/index.php?rest_route=%2Fwp%2Fv2%2Fcomments&post=106"}],"version-history":[{"count":18,"href":"https:\/\/www.bureauwissel.nl\/index.php?rest_route=\/wp\/v2\/pages\/106\/revisions"}],"predecessor-version":[{"id":386,"href":"https:\/\/www.bureauwissel.nl\/index.php?rest_route=\/wp\/v2\/pages\/106\/revisions\/386"}],"wp:attachment":[{"href":"https:\/\/www.bureauwissel.nl\/index.php?rest_route=%2Fwp%2Fv2%2Fmedia&parent=106"}],"curies":[{"name":"wp","href":"https:\/\/api.w.org\/{rel}","templated":true}]}}